{"id":90,"date":"2013-08-11T19:06:15","date_gmt":"2013-08-11T19:06:15","guid":{"rendered":"http:\/\/localhost:8888\/test\/?page_id=520"},"modified":"2020-10-19T14:09:14","modified_gmt":"2020-10-19T14:09:14","slug":"about","status":"publish","type":"page","link":"https:\/\/justrelaxstore.com\/fr\/about\/","title":{"rendered":"About"},"content":{"rendered":"<div class=\"banner has-hover has-parallax\" id=\"banner-1321587739\">\n          <div class=\"banner-inner fill\">\n        <div class=\"banner-bg fill\" data-parallax=\"-3\" data-parallax-container=\".banner\" data-parallax-background>\n            <div class=\"bg fill bg-fill\"><\/div>\n                        <div class=\"overlay\"><\/div>            \n                    <\/div>\n\t\t\n        <div class=\"banner-layers container\">\n            <div class=\"fill banner-link\"><\/div>            \n\n   <div id=\"text-box-1743601482\" class=\"text-box banner-layer x50 md-x50 lg-x50 y65 md-y65 lg-y65 res-text\">\n                                <div class=\"text-box-content text dark\">\n              \n              <div class=\"text-inner text-center\">\n                  \n\n<h1 class=\"lead\">About Us<\/h1>\n<p class=\"lead\">&nbsp;<\/p>\n\n              <\/div>\n           <\/div>\n                            \n<style>\n#text-box-1743601482 {\n  width: 60%;\n}\n#text-box-1743601482 .text-box-content {\n  font-size: 100%;\n}\n<\/style>\n    <\/div>\n \n\n        <\/div>\n      <\/div>\n\n            \n<style>\n#banner-1321587739 {\n  padding-top: 507px;\n}\n#banner-1321587739 .bg.bg-loaded {\n  background-image: url(https:\/\/justrelaxstore.com\/wp-content\/uploads\/2020\/08\/just-relax-store-about-us-1400x487.png);\n}\n#banner-1321587739 .overlay {\n  background-color: rgba(0, 0, 0, 0.49);\n}\n#banner-1321587739 .ux-shape-divider--top svg {\n  height: 150px;\n  --divider-top-width: 100%;\n}\n#banner-1321587739 .ux-shape-divider--bottom svg {\n  height: 150px;\n  --divider-width: 100%;\n}\n<\/style>\n  <\/div>\n\n\n<div class=\"row\"  id=\"row-41714151\">\n\n\n\t<div id=\"col-775563469\" class=\"col small-12 large-12\"  >\n\t\t\t\t<div class=\"col-inner\"  >\n\t\t\t\n\t\t\t\n\n<p class=\"lead text-center\"><b>Just Relax store is a store offering the latest and greatest products and tech to help you relax.&nbsp;<\/b><\/p>\n<div class=\"text-center\"><div class=\"is-divider divider clearfix\" ><\/div><\/div>\n\n\n  \n    <div class=\"row large-columns-4 medium-columns-3 small-columns-2 row-small slider row-slider slider-nav-reveal slider-nav-push\"  data-flickity-options='{\"imagesLoaded\": true, \"groupCells\": \"100%\", \"dragThreshold\" : 5, \"cellAlign\": \"left\",\"wrapAround\": true,\"prevNextButtons\": true,\"percentPosition\": true,\"pageDots\": false, \"rightToLeft\": false, \"autoPlay\" : false}'>\n\n  <div class=\"product-category col\" >\n            <div class=\"col-inner\">\n              <a aria-label=\"Acc\u00e9der \u00e0 la cat\u00e9gorie de produits Home Spa\" href=\"https:\/\/justrelaxstore.com\/fr\/categorie-produit\/home-spa\/\" data-no-translation-aria-label=\"\">                <div class=\"box box-category has-hover box-normal\">\n                <div class=\"box-image\" >\n                  <div class=\"\" >\n                  <img loading=\"lazy\" decoding=\"async\" src=\"https:\/\/justrelaxstore.com\/wp-content\/uploads\/2021\/02\/Home-Spa-300x300.png\" alt=\"Home Spa\" width=\"300\" height=\"300\" \/>                                                      <\/div>\n                <\/div>\n                <div class=\"box-text text-center\" >\n                  <div class=\"box-text-inner\">\n                      <h5 class=\"uppercase header-title\">\n                              Home Spa                      <\/h5>\n                                            \n                  <\/div>\n                <\/div>\n                <\/div>\n            <\/a>            <\/div>\n            <\/div><div class=\"product-category col\" >\n            <div class=\"col-inner\">\n              <a aria-label=\"Acc\u00e9der \u00e0 la cat\u00e9gorie de produits Massage\" href=\"https:\/\/justrelaxstore.com\/fr\/categorie-produit\/massage\/\" data-no-translation-aria-label=\"\">                <div class=\"box box-category has-hover box-normal\">\n                <div class=\"box-image\" >\n                  <div class=\"\" >\n                  <img loading=\"lazy\" decoding=\"async\" src=\"https:\/\/justrelaxstore.com\/wp-content\/uploads\/2020\/10\/massage-300x300.png\" alt=\"Massage\" width=\"300\" height=\"300\" \/>                                                      <\/div>\n                <\/div>\n                <div class=\"box-text text-center\" >\n                  <div class=\"box-text-inner\">\n                      <h5 class=\"uppercase header-title\">\n                              Massage                      <\/h5>\n                                            \n                  <\/div>\n                <\/div>\n                <\/div>\n            <\/a>            <\/div>\n            <\/div><div class=\"product-category col\" >\n            <div class=\"col-inner\">\n              <a aria-label=\"Acc\u00e9der \u00e0 la cat\u00e9gorie de produits Relaxation\" href=\"https:\/\/justrelaxstore.com\/fr\/categorie-produit\/relaxation\/\" data-no-translation-aria-label=\"\">                <div class=\"box box-category has-hover box-normal\">\n                <div class=\"box-image\" >\n                  <div class=\"\" >\n                  <img loading=\"lazy\" decoding=\"async\" src=\"https:\/\/justrelaxstore.com\/wp-content\/uploads\/2020\/10\/relax-2-300x300.png\" alt=\"Relaxation\" width=\"300\" height=\"300\" \/>                                                      <\/div>\n                <\/div>\n                <div class=\"box-text text-center\" >\n                  <div class=\"box-text-inner\">\n                      <h5 class=\"uppercase header-title\">\n                              Relaxation                      <\/h5>\n                                            \n                  <\/div>\n                <\/div>\n                <\/div>\n            <\/a>            <\/div>\n            <\/div><\/div>\n\n\n\t\t<\/div>\n\t\t\t\t\t<\/div>\n\n\t\n\n<\/div>","protected":false},"excerpt":{"rendered":"","protected":false},"author":1,"featured_media":12,"parent":0,"menu_order":0,"comment_status":"closed","ping_status":"closed","template":"page-transparent-header-light.php","meta":{"footnotes":""},"class_list":["post-90","page","type-page","status-publish","has-post-thumbnail","hentry"],"yoast_head":"<!-- This site is optimized with the Yoast SEO plugin v27.5 - https:\/\/yoast.com\/product\/yoast-seo-wordpress\/ -->\n<title>About - Just Relax Store<\/title>\n<meta name=\"robots\" content=\"index, follow, max-snippet:-1, max-image-preview:large, max-video-preview:-1\" \/>\n<link rel=\"canonical\" href=\"https:\/\/justrelaxstore.com\/fr\/about\/\" \/>\n<meta property=\"og:locale\" content=\"fr_FR\" \/>\n<meta property=\"og:type\" content=\"article\" \/>\n<meta property=\"og:title\" content=\"About - Just Relax Store\" \/>\n<meta property=\"og:url\" content=\"https:\/\/justrelaxstore.com\/fr\/about\/\" \/>\n<meta property=\"og:site_name\" content=\"Just Relax Store\" \/>\n<meta property=\"article:modified_time\" content=\"2020-10-19T14:09:14+00:00\" \/>\n<meta property=\"og:image\" content=\"https:\/\/justrelaxstore.com\/wp-content\/uploads\/2016\/08\/dummy-1.jpg\" \/>\n\t<meta property=\"og:image:width\" content=\"400\" \/>\n\t<meta property=\"og:image:height\" content=\"260\" \/>\n\t<meta property=\"og:image:type\" content=\"image\/jpeg\" \/>\n<meta name=\"twitter:card\" content=\"summary_large_image\" \/>\n<script type=\"application\/ld+json\" class=\"yoast-schema-graph\">{\"@context\":\"https:\\\/\\\/schema.org\",\"@graph\":[{\"@type\":\"WebPage\",\"@id\":\"https:\\\/\\\/justrelaxstore.com\\\/about\\\/\",\"url\":\"https:\\\/\\\/justrelaxstore.com\\\/about\\\/\",\"name\":\"About - Just Relax Store\",\"isPartOf\":{\"@id\":\"https:\\\/\\\/justrelaxstore.com\\\/#website\"},\"primaryImageOfPage\":{\"@id\":\"https:\\\/\\\/justrelaxstore.com\\\/about\\\/#primaryimage\"},\"image\":{\"@id\":\"https:\\\/\\\/justrelaxstore.com\\\/about\\\/#primaryimage\"},\"thumbnailUrl\":\"https:\\\/\\\/justrelaxstore.com\\\/wp-content\\\/uploads\\\/2016\\\/08\\\/dummy-1.jpg\",\"datePublished\":\"2013-08-11T19:06:15+00:00\",\"dateModified\":\"2020-10-19T14:09:14+00:00\",\"breadcrumb\":{\"@id\":\"https:\\\/\\\/justrelaxstore.com\\\/about\\\/#breadcrumb\"},\"inLanguage\":\"fr-FR\",\"potentialAction\":[{\"@type\":\"ReadAction\",\"target\":[\"https:\\\/\\\/justrelaxstore.com\\\/about\\\/\"]}]},{\"@type\":\"ImageObject\",\"inLanguage\":\"fr-FR\",\"@id\":\"https:\\\/\\\/justrelaxstore.com\\\/about\\\/#primaryimage\",\"url\":\"https:\\\/\\\/justrelaxstore.com\\\/wp-content\\\/uploads\\\/2016\\\/08\\\/dummy-1.jpg\",\"contentUrl\":\"https:\\\/\\\/justrelaxstore.com\\\/wp-content\\\/uploads\\\/2016\\\/08\\\/dummy-1.jpg\",\"width\":400,\"height\":260},{\"@type\":\"BreadcrumbList\",\"@id\":\"https:\\\/\\\/justrelaxstore.com\\\/about\\\/#breadcrumb\",\"itemListElement\":[{\"@type\":\"ListItem\",\"position\":1,\"name\":\"Home\",\"item\":\"https:\\\/\\\/justrelaxstore.com\\\/\"},{\"@type\":\"ListItem\",\"position\":2,\"name\":\"About\"}]},{\"@type\":\"WebSite\",\"@id\":\"https:\\\/\\\/justrelaxstore.com\\\/#website\",\"url\":\"https:\\\/\\\/justrelaxstore.com\\\/\",\"name\":\"Just Relax Store\",\"description\":\"Great products to help you relax\",\"potentialAction\":[{\"@type\":\"SearchAction\",\"target\":{\"@type\":\"EntryPoint\",\"urlTemplate\":\"https:\\\/\\\/justrelaxstore.com\\\/?s={search_term_string}\"},\"query-input\":{\"@type\":\"PropertyValueSpecification\",\"valueRequired\":true,\"valueName\":\"search_term_string\"}}],\"inLanguage\":\"fr-FR\"}]}<\/script>\n<!-- \/ Yoast SEO plugin. -->","yoast_head_json":{"title":"About - Just Relax Store","robots":{"index":"index","follow":"follow","max-snippet":"max-snippet:-1","max-image-preview":"max-image-preview:large","max-video-preview":"max-video-preview:-1"},"canonical":"https:\/\/justrelaxstore.com\/fr\/about\/","og_locale":"fr_FR","og_type":"article","og_title":"About - Just Relax Store","og_url":"https:\/\/justrelaxstore.com\/fr\/about\/","og_site_name":"Just Relax Store","article_modified_time":"2020-10-19T14:09:14+00:00","og_image":[{"width":400,"height":260,"url":"https:\/\/justrelaxstore.com\/wp-content\/uploads\/2016\/08\/dummy-1.jpg","type":"image\/jpeg"}],"twitter_card":"summary_large_image","schema":{"@context":"https:\/\/schema.org","@graph":[{"@type":"WebPage","@id":"https:\/\/justrelaxstore.com\/about\/","url":"https:\/\/justrelaxstore.com\/about\/","name":"About - Just Relax Store","isPartOf":{"@id":"https:\/\/justrelaxstore.com\/#website"},"primaryImageOfPage":{"@id":"https:\/\/justrelaxstore.com\/about\/#primaryimage"},"image":{"@id":"https:\/\/justrelaxstore.com\/about\/#primaryimage"},"thumbnailUrl":"https:\/\/justrelaxstore.com\/wp-content\/uploads\/2016\/08\/dummy-1.jpg","datePublished":"2013-08-11T19:06:15+00:00","dateModified":"2020-10-19T14:09:14+00:00","breadcrumb":{"@id":"https:\/\/justrelaxstore.com\/about\/#breadcrumb"},"inLanguage":"fr-FR","potentialAction":[{"@type":"ReadAction","target":["https:\/\/justrelaxstore.com\/about\/"]}]},{"@type":"ImageObject","inLanguage":"fr-FR","@id":"https:\/\/justrelaxstore.com\/about\/#primaryimage","url":"https:\/\/justrelaxstore.com\/wp-content\/uploads\/2016\/08\/dummy-1.jpg","contentUrl":"https:\/\/justrelaxstore.com\/wp-content\/uploads\/2016\/08\/dummy-1.jpg","width":400,"height":260},{"@type":"BreadcrumbList","@id":"https:\/\/justrelaxstore.com\/about\/#breadcrumb","itemListElement":[{"@type":"ListItem","position":1,"name":"Home","item":"https:\/\/justrelaxstore.com\/"},{"@type":"ListItem","position":2,"name":"About"}]},{"@type":"WebSite","@id":"https:\/\/justrelaxstore.com\/#website","url":"https:\/\/justrelaxstore.com\/","name":"Just Relax Store","description":"Great products to help you relax","potentialAction":[{"@type":"SearchAction","target":{"@type":"EntryPoint","urlTemplate":"https:\/\/justrelaxstore.com\/?s={search_term_string}"},"query-input":{"@type":"PropertyValueSpecification","valueRequired":true,"valueName":"search_term_string"}}],"inLanguage":"fr-FR"}]}},"_links":{"self":[{"href":"https:\/\/justrelaxstore.com\/fr\/wp-json\/wp\/v2\/pages\/90","targetHints":{"allow":["GET"]}}],"collection":[{"href":"https:\/\/justrelaxstore.com\/fr\/wp-json\/wp\/v2\/pages"}],"about":[{"href":"https:\/\/justrelaxstore.com\/fr\/wp-json\/wp\/v2\/types\/page"}],"author":[{"embeddable":true,"href":"https:\/\/justrelaxstore.com\/fr\/wp-json\/wp\/v2\/users\/1"}],"replies":[{"embeddable":true,"href":"https:\/\/justrelaxstore.com\/fr\/wp-json\/wp\/v2\/comments?post=90"}],"version-history":[{"count":0,"href":"https:\/\/justrelaxstore.com\/fr\/wp-json\/wp\/v2\/pages\/90\/revisions"}],"wp:featuredmedia":[{"embeddable":true,"href":"https:\/\/justrelaxstore.com\/fr\/wp-json\/wp\/v2\/media\/12"}],"wp:attachment":[{"href":"https:\/\/justrelaxstore.com\/fr\/wp-json\/wp\/v2\/media?parent=90"}],"curies":[{"name":"wp","href":"https:\/\/api.w.org\/{rel}","templated":true}]}}